{"id":6,"date":"2016-03-23T18:14:06","date_gmt":"2016-03-23T18:14:06","guid":{"rendered":"http:\/\/fundacionhogarintegral.org\/es\/?page_id=6"},"modified":"2026-01-20T00:23:06","modified_gmt":"2026-01-20T00:23:06","slug":"nuestros-tres-pilares-fundamentales-por-mas-de-30-anos","status":"publish","type":"page","link":"https:\/\/fundacionhogarintegral.org\/es\/","title":{"rendered":"Nuestros tres pilares fundamentales por m\u00e1s de 45 a\u00f1os"},"content":{"rendered":"<p><a href=\"https:\/\/donaronline.org\/fundacion-hogar-integral\/plan-padrino\" target=\"_blank\" rel=\"noopener\"><strong>\u00a1REALIZA TU DONACI\u00d3N, haz clic aqu\u00ed para donar!<\/strong><\/a><\/p>\n<p style=\"text-align: justify;\">\u00a1Bienvenidos a\u00a0Fundaci\u00f3n Hogar Integral! Somos una organizaci\u00f3n social, sin \u00e1nimo de lucro, cuyo objeto principal es el de contribuir a\u00a0la <span style=\"color: #292865;\"><strong>superaci\u00f3n de la pobreza extrema<\/strong><\/span> de comunidades que se encuentran en alto riesgo de vulnerabilidad en algunos sectores de Bogot\u00e1 y Soacha, (Colombia), siendo copart\u00edcipes de los Objetivos de Desarrollo Sostenible.<\/p>\n<p style=\"text-align: justify;\">Mediante alianzas con actores p\u00fablicos y privados, desarrollamos una atenci\u00f3n integral en la\u00a0<span style=\"color: #292865;\"><strong>poblaci\u00f3n de primera infancia entre 2 y 5 a\u00f1os<\/strong><\/span>\u00a0y sus familias, centr\u00e1ndonos en generar un desarrollo humano integral y equitativo que\u00a0<span style=\"color: #292865;\"><strong>impacta positivamente a cientos de familias<\/strong>.<\/span><\/p>\n<p style=\"text-align: justify;\">\n","protected":false},"excerpt":{"rendered":"<p>\u00a1REALIZA TU DONACI\u00d3N, haz clic aqu\u00ed para donar! \u00a1Bienvenidos a\u00a0Fundaci\u00f3n Hogar Integral! Somos una organizaci\u00f3n social, sin \u00e1nimo de lucro, cuyo objeto principal es el de contribuir a\u00a0la superaci\u00f3n de la pobreza extrema de comunidades que se encuentran en alto riesgo de vulnerabilidad en algunos sectores de Bogot\u00e1 y Soacha, (Colombia), siendo copart\u00edcipes de los [&hellip;]<\/p>\n","protected":false},"author":1,"featured_media":107,"parent":0,"menu_order":0,"comment_status":"closed","ping_status":"closed","template":"page-home.php","meta":{"_acf_changed":false,"footnotes":""},"class_list":["post-6","page","type-page","status-publish","has-post-thumbnail","hentry"],"acf":[],"_links":{"self":[{"href":"https:\/\/fundacionhogarintegral.org\/es\/wp-json\/wp\/v2\/pages\/6","targetHints":{"allow":["GET"]}}],"collection":[{"href":"https:\/\/fundacionhogarintegral.org\/es\/wp-json\/wp\/v2\/pages"}],"about":[{"href":"https:\/\/fundacionhogarintegral.org\/es\/wp-json\/wp\/v2\/types\/page"}],"author":[{"embeddable":true,"href":"https:\/\/fundacionhogarintegral.org\/es\/wp-json\/wp\/v2\/users\/1"}],"replies":[{"embeddable":true,"href":"https:\/\/fundacionhogarintegral.org\/es\/wp-json\/wp\/v2\/comments?post=6"}],"version-history":[{"count":30,"href":"https:\/\/fundacionhogarintegral.org\/es\/wp-json\/wp\/v2\/pages\/6\/revisions"}],"predecessor-version":[{"id":504,"href":"https:\/\/fundacionhogarintegral.org\/es\/wp-json\/wp\/v2\/pages\/6\/revisions\/504"}],"wp:featuredmedia":[{"embeddable":true,"href":"https:\/\/fundacionhogarintegral.org\/es\/wp-json\/wp\/v2\/media\/107"}],"wp:attachment":[{"href":"https:\/\/fundacionhogarintegral.org\/es\/wp-json\/wp\/v2\/media?parent=6"}],"curies":[{"name":"wp","href":"https:\/\/api.w.org\/{rel}","templated":true}]}}