{"id":127,"date":"2016-05-10T23:48:31","date_gmt":"2016-05-10T23:48:31","guid":{"rendered":"http:\/\/fundacionhogarintegral.org\/es\/?page_id=127"},"modified":"2026-01-19T15:55:43","modified_gmt":"2026-01-19T15:55:43","slug":"acerca","status":"publish","type":"page","link":"https:\/\/fundacionhogarintegral.org\/es\/acerca\/","title":{"rendered":"Acerca de Hogar Integral"},"content":{"rendered":"<p style=\"text-align: justify;\"><span style=\"color: #f7931e;\"><strong>OBJETO SOCIAL<\/strong><\/span><\/p>\n<p style=\"text-align: justify;\">Desarrollar programas de atenci\u00f3n integral priorizando la primera infancia,\u00a0 apoyados en la solidaridad nacional e internacional, con el fin de contribuir a la superaci\u00f3n de la inequidad social y apoyar la integraci\u00f3n de las comunidades marginadas, siendo sujetos activos con los Objetivos del Desarrollo Sostenible.<\/p>\n<p style=\"text-align: justify;\"><span style=\"color: #f7931e;\"><strong>VISI\u00d3N<\/strong><\/span><\/p>\n<p style=\"text-align: justify;\">Ser reconocidos en el \u00e1mbito nacional e internacional como una Fundaci\u00f3n piloto, sin \u00e1nimo de lucro, por el trabajo constante en el desarrollo humano de los ni\u00f1os y sus familias en condiciones de alta vulnerabilidad, a trav\u00e9s de nutrici\u00f3n, educaci\u00f3n y promoci\u00f3n social de la comunidad; contribuyendo constantemente a las pol\u00edticas p\u00fablicas en la superaci\u00f3n de la pobreza extrema.<\/p>\n<p style=\"text-align: justify;\"><span style=\"color: #f7931e;\"><strong>MISI\u00d3N<\/strong><\/span><\/p>\n<p style=\"text-align: justify;\">La Fundaci\u00f3n, una organizaci\u00f3n sin \u00e1nimo de lucro, se propone mediante la nutrici\u00f3n, la educaci\u00f3n, la capacitaci\u00f3n y la promoci\u00f3n social, \u00a0contribuir a mejorar la calidad de vida de las comunidades que se encuentran en alto riesgo de vulnerabilidad, generando un desarrollo humano\u00a0 integral para cooperar con una Colombia m\u00e1s equitativa e incluyente.<\/p>\n<p style=\"text-align: justify;\"><span style=\"color: #f7931e;\"><strong>PRINCIPIOS<\/strong><\/span><\/p>\n<p>Eficiencia \u2022 Transparencia \u2022 Compromiso social \u2022 Igualdad \u2022 Solidaridad \u2022 Integridad<\/p>\n<p style=\"text-align: justify;\"><span style=\"color: #f7931e;\"><strong>NORMATIVIDAD<\/strong><\/span><\/p>\n<p style=\"text-align: justify;\">La Fundaci\u00f3n Hogar Integral garantiza la prestaci\u00f3n del servicio de Educaci\u00f3n inicial, cuidado y nutrici\u00f3n en condiciones de calidad y pertinencia para los ni\u00f1os y sus familias, dentro de lo establecido en los Fundamentos Pol\u00edticos, T\u00e9cnicos y de Gesti\u00f3n de la <strong>Estrategia de Atenci\u00f3n Integral de Cero a Siempre,<\/strong> del gobierno nacional Colombiano y los lineamientos establecidos para la educaci\u00f3n inicial del Ministerio de Educaci\u00f3n Nacional (MEN) y los criterios t\u00e9cnicos de un servicio p\u00fablico del Sistema Nacional Bienestar Familiar (SNBF).<\/p>\n<p style=\"text-align: justify;\">Por medio de un trabajo hol\u00edstico en todas las dimensiones del ser humano, se realizan actividades integradoras que contribuyen al bienestar, desarrollo y aprendizaje de los ni\u00f1os y la validaci\u00f3n de sus derechos fundamentales; todo dentro de un riguroso marco de calidad:<\/p>\n<p style=\"text-align: justify;\">Norma T\u00e9cnica Empresarial (NTE). Las acciones ejecutadas se basan en Protocolos, Procesos, Manual y Comit\u00e9 de Copasst, Manual de Buenas Pr\u00e1cticas de Manufactura (BPM) y Plan de Saneamiento.<\/p>\n<p style=\"text-align: justify;\">Ejes de Pol\u00edtica Ambiental (Basados en ISO 14001).<\/p>\n<p style=\"text-align: justify;\">Pol\u00edtica en la Seguridad en la Informaci\u00f3n (Basados en ISO 27001),<\/p>\n<p style=\"text-align: justify;\">Pol\u00edtica de Calidad (Basados en ISO 9001),<\/p>\n<p style=\"text-align: justify;\">Pol\u00edtica de Seguridad y Salud Ocupacional (Basados en OHSAS 18001), INVIMA y dem\u00e1s normatividad con el fin de garantizar integralidad, idoneidad, transparencia y la prestaci\u00f3n del servicio con la m\u00e1s alta calidad en beneficio de las comunidades con las cuales se trabaja.<\/p>\n<p style=\"text-align: justify;\"><span style=\"color: #f7931e;\"><strong>TALENTO HUMANO<\/strong><\/span><\/p>\n<ul>\n<li style=\"text-align: justify;\">El 70% del talento humano pertenece a las diferentes comunidades en las cuales se desarrollan nuestros proyectos.<\/li>\n<li style=\"text-align: justify;\">Estabilidad laboral por medio de contrataci\u00f3n y prestaciones sociales de ley. Reglamento Interno de Trabajo (RIT), Manual de Funciones, C\u00f3digo de Conducta, Pacto de Convivencia, consolidaci\u00f3n y participaci\u00f3n en el Comit\u00e9 de Convivencia.<\/li>\n<li style=\"text-align: justify;\">El personal contratado cumple con altos est\u00e1ndares de calidad a nivel laboral y humano.<\/li>\n<li style=\"text-align: justify;\">Se ofrece formaci\u00f3n continua dentro de las diferentes \u00e1reas del saber, mediante diferentes alianzas estrat\u00e9gicas interinstitucionales.<\/li>\n<\/ul>\n<p style=\"text-align: justify;\"><span style=\"color: #f7931e;\"><strong>GOBIERNO CORPORATIVO<\/strong><\/span><\/p>\n<p style=\"text-align: justify;\">Cuenta con un Directorio de seis miembros independientes, tres principales y tres suplentes que re\u00fane al menos bimestralmente y se toman las decisiones estrat\u00e9gicas.<\/p>\n<p style=\"text-align: justify;\">El Director es nombrado por el Directorio y reporta a este.<\/p>\n<p><span style=\"color: #f7931e;\"><strong>Miembros principales del Directorio<\/strong><\/span><\/p>\n<p>Patricia Arr\u00e1zola Jaramillo.<br \/>\nAndr\u00e9s Pradilla Garc\u00eda<br \/>\nMart\u00edn Ramirez<\/p>\n<p><strong><span style=\"color: #f7931e;\">Miembros suplentes del Directorio<\/span><\/strong><\/p>\n<p>Carlos Eduardo Bayona G\u00f3mez<br \/>\nJavier Urrutia<\/p>\n<p style=\"text-align: justify;\">Contamos con revisor\u00eda fiscal con la compa\u00f1\u00eda PROCOA S.A.S.<\/p>\n<p style=\"text-align: justify;\"><strong>ESTRUCTURA ORGANIZACIONAL<\/strong><\/p>\n<ul>\n<li style=\"text-align: justify;\">Director Ejecutivo.<\/li>\n<li style=\"text-align: justify;\">\u00c1rea Administrativa.<\/li>\n<li style=\"text-align: justify;\">\u00c1rea Financiera.<\/li>\n<li style=\"text-align: justify;\">\u00c1rea de Producci\u00f3n y Log\u00edstica.<\/li>\n<li style=\"text-align: justify;\">\u00c1rea de Seguridad y Salud en el Trabajo.<\/li>\n<li style=\"text-align: justify;\">\u00c1rea de Programas.<\/li>\n<\/ul>\n<p style=\"text-align: justify;\"><span style=\"color: #f7931e;\"><strong>ESTADOS FINANCIEROS<\/strong><\/span><\/p>\n<p style=\"text-align: justify;\">Se preparan y presentan al Directorio estados financieros comparativos al cierre de cada mes. Durante el primer trimestre de cada a\u00f1o se presentan al Directorio los estados anuales comparativos junto con informe de gesti\u00f3n tanto cuantitativo como cualitativo.<\/p>\n<p style=\"text-align: justify;\"><span style=\"color: #f7931e;\"><strong>Tr\u00e1mite de Permanencia R\u00e9gimen Tributario Especial (RTE) DIAN<\/strong><\/span><\/p>\n<p style=\"text-align: justify;\">La Fundaci\u00f3n Hogar Integral goza de la confianza de sus inversores sociales ya sean personas jur\u00eddicas o naturales, por ello y como ejercicio de transparencia, nos permitimos publicar nuestra informaci\u00f3n de Estados Financieros 2024 y dem\u00e1s requerimientos exigidos por los entes competentes.<\/p>\n<p><span style=\"color: #f7931e;\"><strong>Documentos 2024<\/strong><\/span><\/p>\n<ul>\n<li><a href=\"https:\/\/fundacionhogarintegral.org\/es\/wp-content\/uploads\/2025\/05\/Renovacion-ESAL-2025.pdf\" target=\"_blank\" rel=\"noopener\">Renovaci\u00f3n ESAL 2025 clic aqu\u00ed.<\/a><\/li>\n<li><a href=\"https:\/\/fundacionhogarintegral.org\/es\/wp-content\/uploads\/2025\/05\/RUT-2025.pdf\" target=\"_blank\" rel=\"noopener\">RUT 2025 FHI clic aqu\u00ed<\/a><\/li>\n<li><a href=\"https:\/\/fundacionhogarintegral.org\/es\/wp-content\/uploads\/2025\/05\/Representacion-Legal-FHI.pdf\" target=\"_blank\" rel=\"noopener\">Representaci\u00f3n Legal FHI clic aqu\u00ed<\/a><\/li>\n<li><a href=\"https:\/\/fundacionhogarintegral.org\/es\/wp-content\/uploads\/2026\/01\/DECLARACION-RENTA-2024.pdf\" target=\"_blank\" rel=\"noopener\">DECLARACIO\u0301N RENTA 2024<\/a><\/li>\n<li><a href=\"https:\/\/fundacionhogarintegral.org\/es\/wp-content\/uploads\/2025\/05\/ESTADOS-FINANCIEROS-2024.pdf\" target=\"_blank\" rel=\"noopener\">ESTADOS FINANCIEROS 2024 clic aqu\u00ed<\/a><\/li>\n<li><a href=\"https:\/\/fundacionhogarintegral.org\/es\/wp-content\/uploads\/2025\/05\/Acta-Asamblea-No-158-Aprobacion-Estados-Financieros-2024.pdf\" target=\"_blank\" rel=\"noopener\">ACTA ASAMBLEA 2024 clic aqu\u00ed<\/a><\/li>\n<li><a href=\"https:\/\/fundacionhogarintegral.org\/es\/wp-content\/uploads\/2024\/admin\/Estatutos%20Entidad.pdf\" target=\"_blank\" rel=\"noopener\">ESTATUTOS FHI<\/a><\/li>\n<li><a href=\"https:\/\/fundacionhogarintegral.org\/es\/wp-content\/uploads\/2025\/05\/INFORME-DE-GESTION-2024.pdf\" target=\"_blank\" rel=\"noopener\">INFORME DE GESTI\u00d3N 2024\u00a0 FHI<\/a><\/li>\n<li><a href=\"https:\/\/fundacionhogarintegral.org\/es\/wp-content\/uploads\/2025\/05\/Organigrama-FHI.pdf\">ORGANIGRAMA 2025 FHI<\/a><\/li>\n<\/ul>\n<p style=\"text-align: justify;\"><span style=\"color: #f7931e;\"><strong>ALIANZAS ESTRAT\u00c9GICAS<\/strong><\/span><\/p>\n<p style=\"text-align: justify;\">La Fundaci\u00f3n realiza alianzas estrat\u00e9gicas con el fin de optimizar el desarrollo de sus programas, generar mayores oportunidades a las familias de sus beneficiarios y cualificar su talento humano. Los aportes que se generan a trav\u00e9s de dichas alianzas se invierten en su totalidad en los programas de atenci\u00f3n integral que desarrolla la Fundaci\u00f3n.<\/p>\n<\/li>\n<\/ul>\n","protected":false},"excerpt":{"rendered":"<p>OBJETO SOCIAL Desarrollar programas de atenci\u00f3n integral priorizando la primera infancia,\u00a0 apoyados en la solidaridad nacional e internacional, con el fin de contribuir a la superaci\u00f3n de la inequidad social y apoyar la integraci\u00f3n de las comunidades marginadas, siendo sujetos activos con los Objetivos del Desarrollo Sostenible. VISI\u00d3N Ser reconocidos en el \u00e1mbito nacional e [&hellip;]<\/p>\n","protected":false},"author":1,"featured_media":184,"parent":0,"menu_order":0,"comment_status":"closed","ping_status":"closed","template":"page-our-work.php","meta":{"_acf_changed":false,"footnotes":""},"class_list":["post-127","page","type-page","status-publish","has-post-thumbnail","hentry"],"acf":[],"_links":{"self":[{"href":"https:\/\/fundacionhogarintegral.org\/es\/wp-json\/wp\/v2\/pages\/127","targetHints":{"allow":["GET"]}}],"collection":[{"href":"https:\/\/fundacionhogarintegral.org\/es\/wp-json\/wp\/v2\/pages"}],"about":[{"href":"https:\/\/fundacionhogarintegral.org\/es\/wp-json\/wp\/v2\/types\/page"}],"author":[{"embeddable":true,"href":"https:\/\/fundacionhogarintegral.org\/es\/wp-json\/wp\/v2\/users\/1"}],"replies":[{"embeddable":true,"href":"https:\/\/fundacionhogarintegral.org\/es\/wp-json\/wp\/v2\/comments?post=127"}],"version-history":[{"count":35,"href":"https:\/\/fundacionhogarintegral.org\/es\/wp-json\/wp\/v2\/pages\/127\/revisions"}],"predecessor-version":[{"id":503,"href":"https:\/\/fundacionhogarintegral.org\/es\/wp-json\/wp\/v2\/pages\/127\/revisions\/503"}],"wp:featuredmedia":[{"embeddable":true,"href":"https:\/\/fundacionhogarintegral.org\/es\/wp-json\/wp\/v2\/media\/184"}],"wp:attachment":[{"href":"https:\/\/fundacionhogarintegral.org\/es\/wp-json\/wp\/v2\/media?parent=127"}],"curies":[{"name":"wp","href":"https:\/\/api.w.org\/{rel}","templated":true}]}}