{"id":10,"date":"2016-03-23T18:19:21","date_gmt":"2016-03-23T18:19:21","guid":{"rendered":"http:\/\/fundacionhogarintegral.org\/es\/?page_id=10"},"modified":"2026-01-19T15:43:34","modified_gmt":"2026-01-19T15:43:34","slug":"nuestra-labor","status":"publish","type":"page","link":"https:\/\/fundacionhogarintegral.org\/es\/nuestra-labor\/","title":{"rendered":"Nuestros pilares fundamentales por m\u00e1s de 45 a\u00f1os"},"content":{"rendered":"<p style=\"text-align: justify;\">En nuestra calidad de Fundaci\u00f3n y organizaci\u00f3n sin \u00e1nimo de lucro orientada a brindar atenci\u00f3n integral a la primera infancia, Hogar Integral es habilitada por cumplir con la capacidad jur\u00eddica, t\u00e9cnica, financiera y de experiencia necesarias por el Instituto Colombiano de Bienestar Familiar, para operar como Gestor Social la estrategia bandera del gobierno nacional \u201cDe Cero a Siempre\u201d, en los cuatro Centros de Desarrollo Infantil que la Fundaci\u00f3n tiene en Ciudad Bol\u00edvar, Bogot\u00e1, Colombia. Igualmente, la Caja de Compensaci\u00f3n Familiar CAFAM le asigna recursos de Foni\u00f1ez para ser ejecutados en los dos Centros de Desarrollo Infantil que tiene la Fundaci\u00f3n en el Municipio de Soacha, Colombia.<\/p>\n<p style=\"text-align: justify;\">La Fundaci\u00f3n recibe los aportes determinados en los contratos que para tal efecto se suscriben y cofinancia el faltante a trav\u00e9s de una permanente labor de consecuci\u00f3n de donaciones. Estos recursos, provenientes de inversores sociales actuales y posibles, se constituyen en ingresos imprescindibles para cumplir con el objetivo social de nuestra Fundaci\u00f3n.<\/p>\n<p style=\"text-align: justify;\">La Fundaci\u00f3n cuenta con un sistema de reporte de ejecuci\u00f3n y rendici\u00f3n de cuentas de los contratos, convenios e inversi\u00f3n de los recursos tanto de los aliados como de los benefactores. Hogar Integral pertenece al Sistema Nacional de Bienestar Familiar (SNBF), adscrita al Instituto Colombiano de Bienestar Familiar (ICBF), con Personer\u00eda Jur\u00eddica del Ministerio de Justicia y sus Estatutos avalados por el ICBF.<\/p>\n<p style=\"text-align: justify;\">La labor de la Fundaci\u00f3n se basa en tres pilares que desde sus inicios la Presidente Honoraria y Vitalicia ha considerado estrat\u00e9gicos para el logro de los objetivos:<\/p>\n<p style=\"text-align: justify;\"><span style=\"color: #f7931e;\"><strong>NUTRICI\u00d3N F\u00cdSICA<\/strong><\/span><\/p>\n<p style=\"text-align: justify;\">Nuestra poblaci\u00f3n est\u00e1 en alto riesgo de vulnerabilidad (\u00e9tnica y poblacionales diversos), le cubrimos las necesidades b\u00e1sicas entre el 70 y 75 por ciento de los requerimientos diarios nutricionales y cal\u00f3ricos. Tenemos dos unidades productivas de alimentos: cocina industrial y panader\u00eda. \u00a0Igualmente cada unidad cuenta con una cocina donde se prepara el desayuno, se alistan dos momentos de refrigerios y se distribuye el almuerzo que llega de la cocina industrial por medio de dos furgones autorizados por Secretar\u00eda de Salud, que reparten los alimentos preparados y la materia prima requerida. La minuta de cuatro momentos de nutrici\u00f3n se compone de 25 men\u00fas con base al diagn\u00f3stico de las caracter\u00edsticas socioculturales y es aprobada por la nutricionista del ICBF. Igualmente se fortalece la nutrici\u00f3n de las familias con mayores \u00edndices de desnutrici\u00f3n, mediante la entrega de mercados b\u00e1sicos.<\/p>\n<p style=\"text-align: justify;\"><span style=\"color: #f7931e;\"><strong>NUTRICI\u00d3N INTELECTUAL<\/strong><\/span><\/p>\n<p style=\"text-align: justify;\">Con la estructuraci\u00f3n e implementaci\u00f3n del Proyecto pedag\u00f3gico, se conoce la historia de vida y entorno en los que est\u00e1n inmersos los ni\u00f1os y sus familias. Partiendo de estas caracter\u00edsticas se incorporan estrategias pedag\u00f3gicas como la asamblea, los talleres y rincones pedag\u00f3gicos que promueven, orientan y fortalecen habilidades y destrezas en los infantes. Se interact\u00faa con las diferentes \u00e1reas de aprendizaje para potenciar los lenguajes expresivos, creando h\u00e1bitos saludables, culturales y pr\u00e1cticas de auto cuidado. La gran misi\u00f3n es lograr transformaciones en su integridad f\u00edsica y cognitiva y que sean capaces de desarrollar sus potencialidades y habilidades, que re\u00fanan todas las caracter\u00edsticas personales, espirituales, sociales, culturales e intelectuales para vivir en armon\u00eda consigo mismo, con los dem\u00e1s y su entorno. Lo anterior se trabaja bajo la intencionalidad el juego, la literatura, la exploraci\u00f3n del medio como actividades rectoras para potenciar los lenguajes expresivos tal como se determina en el Proyecto Institucional Pedag\u00f3gico \u201cEl Arte-Sano de los Sue\u00f1os Fant\u00e1sticos\u201d.<\/p>\n<p style=\"text-align: justify;\">Mediante diagn\u00f3stico individual y grupal, registro detallado de los acontecimientos vividos diariamente en rutinas, valoraci\u00f3n cualitativa semanal de las acciones pedag\u00f3gicas, escalas de valoraci\u00f3n, observador, anecdotario y diario de campo, se registra el seguimiento al desarrollo, dando a conocer a la familia los avances, intereses y necesidades de sus hijos.<\/p>\n<p style=\"text-align: justify;\"><span style=\"color: #f7931e;\"><strong>NUTRICI\u00d3N ESPIRITUAL<\/strong><\/span><\/p>\n<p style=\"text-align: justify;\">La vulneraci\u00f3n de derechos se genera muchas veces por desconocimiento y carencia de acompa\u00f1amiento de la institucionalidad, por lo tanto la Fundaci\u00f3n a trav\u00e9s de metodolog\u00edas reflexivas analiza las pr\u00e1cticas de crianza de los hogares de los ni\u00f1os beneficiados, para implementar nuevas alternativas que promuevan el cambio forjando familias m\u00e1s s\u00f3lidas, \u00edntegras y fundamentadas en el amor.<\/p>\n<p style=\"text-align: justify;\">Teniendo en cuenta las necesidades evidenciadas como resultado del an\u00e1lisis, se planean y dise\u00f1an las acciones de formaci\u00f3n y acompa\u00f1amiento familiar. Las tem\u00e1ticas que se busca abordar est\u00e1n relacionadas con educaci\u00f3n para la paz, educaci\u00f3n entorno a los derechos de los ni\u00f1os, maltrato infantil, acceso a la Ruta Integral de Atenci\u00f3n (RIA), de acuerdo con las redes distritales y municipales activas, pautas de crianza positiva y auto cuidado, fortalecimiento de los v\u00ednculos en las familias y buen trato. Tambi\u00e9n aquellas que surjan de las necesidades demandadas por el diagn\u00f3stico<\/p>\n","protected":false},"excerpt":{"rendered":"<p>En nuestra calidad de Fundaci\u00f3n y organizaci\u00f3n sin \u00e1nimo de lucro orientada a brindar atenci\u00f3n integral a la primera infancia, Hogar Integral es habilitada por cumplir con la capacidad jur\u00eddica, t\u00e9cnica, financiera y de experiencia necesarias por el Instituto Colombiano de Bienestar Familiar, para operar como Gestor Social la estrategia bandera del gobierno nacional \u201cDe [&hellip;]<\/p>\n","protected":false},"author":1,"featured_media":190,"parent":0,"menu_order":0,"comment_status":"closed","ping_status":"closed","template":"page-our-work.php","meta":{"_acf_changed":false,"footnotes":""},"class_list":["post-10","page","type-page","status-publish","has-post-thumbnail","hentry"],"acf":[],"_links":{"self":[{"href":"https:\/\/fundacionhogarintegral.org\/es\/wp-json\/wp\/v2\/pages\/10","targetHints":{"allow":["GET"]}}],"collection":[{"href":"https:\/\/fundacionhogarintegral.org\/es\/wp-json\/wp\/v2\/pages"}],"about":[{"href":"https:\/\/fundacionhogarintegral.org\/es\/wp-json\/wp\/v2\/types\/page"}],"author":[{"embeddable":true,"href":"https:\/\/fundacionhogarintegral.org\/es\/wp-json\/wp\/v2\/users\/1"}],"replies":[{"embeddable":true,"href":"https:\/\/fundacionhogarintegral.org\/es\/wp-json\/wp\/v2\/comments?post=10"}],"version-history":[{"count":14,"href":"https:\/\/fundacionhogarintegral.org\/es\/wp-json\/wp\/v2\/pages\/10\/revisions"}],"predecessor-version":[{"id":501,"href":"https:\/\/fundacionhogarintegral.org\/es\/wp-json\/wp\/v2\/pages\/10\/revisions\/501"}],"wp:featuredmedia":[{"embeddable":true,"href":"https:\/\/fundacionhogarintegral.org\/es\/wp-json\/wp\/v2\/media\/190"}],"wp:attachment":[{"href":"https:\/\/fundacionhogarintegral.org\/es\/wp-json\/wp\/v2\/media?parent=10"}],"curies":[{"name":"wp","href":"https:\/\/api.w.org\/{rel}","templated":true}]}}